{"id":2,"date":"2025-08-05T19:38:41","date_gmt":"2025-08-05T19:38:41","guid":{"rendered":"https:\/\/biblioteca.iestpmonfortianos.edu.pe\/?page_id=2"},"modified":"2025-10-23T11:50:46","modified_gmt":"2025-10-23T16:50:46","slug":"bienvenida","status":"publish","type":"page","link":"https:\/\/biblioteca.iestpmonfortianos.edu.pe\/","title":{"rendered":"Bienvenidos"},"content":{"rendered":"\n<div class=\"wp-block-media-text is-stacked-on-mobile\"><figure class=\"wp-block-media-text__media\"><img loading=\"lazy\" decoding=\"async\" width=\"1024\" height=\"1024\" src=\"https:\/\/biblioteca.iestpmonfortianos.edu.pe\/wp-content\/uploads\/2025\/08\/biblioteca-virtual-768x746-1.png\" alt=\"\" class=\"wp-image-31 size-full\" srcset=\"https:\/\/biblioteca.iestpmonfortianos.edu.pe\/wp-content\/uploads\/2025\/08\/biblioteca-virtual-768x746-1.png 1024w, https:\/\/biblioteca.iestpmonfortianos.edu.pe\/wp-content\/uploads\/2025\/08\/biblioteca-virtual-768x746-1-300x300.png 300w, https:\/\/biblioteca.iestpmonfortianos.edu.pe\/wp-content\/uploads\/2025\/08\/biblioteca-virtual-768x746-1-150x150.png 150w, https:\/\/biblioteca.iestpmonfortianos.edu.pe\/wp-content\/uploads\/2025\/08\/biblioteca-virtual-768x746-1-768x768.png 768w\" sizes=\"auto, (max-width: 1024px) 100vw, 1024px\" \/><\/figure><div class=\"wp-block-media-text__content\">\n<p><strong>Bienvenidos a la Biblioteca Virtual del Instituto de Educaci\u00f3n Superior Tecnol\u00f3gico P\u00fablico &#8220;Misioneros Monfortianos&#8221;<\/strong>, un espacio dise\u00f1ado para ofrecerte acceso ilimitado a una vasta colecci\u00f3n de recursos acad\u00e9micos en l\u00ednea, disponibles las 24 horas del d\u00eda, los 7 d\u00edas de la semana. Ya sea que est\u00e9s en casa, en clase, o de viaje, puedes consultar materiales actualizados de manera r\u00e1pida y sencilla.<\/p>\n\n\n\n<div class=\"wp-block-buttons is-layout-flex wp-block-buttons-is-layout-flex\">\n<div class=\"wp-block-button\"><a class=\"wp-block-button__link wp-element-button\" href=\"https:\/\/biblioteca.iestpmonfortianos.edu.pe\/index.php\/login\/\">Ingresar<\/a><\/div>\n<\/div>\n<\/div><\/div>\n","protected":false},"excerpt":{"rendered":"","protected":false},"author":1,"featured_media":0,"parent":0,"menu_order":0,"comment_status":"closed","ping_status":"closed","template":"","meta":{"site-sidebar-layout":"default","site-content-layout":"","ast-site-content-layout":"default","site-content-style":"default","site-sidebar-style":"default","ast-global-header-display":"","ast-banner-title-visibility":"","ast-main-header-display":"","ast-hfb-above-header-display":"","ast-hfb-below-header-display":"","ast-hfb-mobile-header-display":"","site-post-title":"","ast-breadcrumbs-content":"","ast-featured-img":"","footer-sml-layout":"","theme-transparent-header-meta":"","adv-header-id-meta":"","stick-header-meta":"","header-above-stick-meta":"","header-main-stick-meta":"","header-below-stick-meta":"","astra-migrate-meta-layouts":"default","ast-page-background-enabled":"default","ast-page-background-meta":{"desktop":{"background-color":"var(--ast-global-color-5)","background-image":"","background-repeat":"repeat","background-position":"center center","background-size":"auto","background-attachment":"scroll","background-type":"","background-media":"","overlay-type":"","overlay-color":"","overlay-opacity":"","overlay-gradient":""},"tablet":{"background-color":"","background-image":"","background-repeat":"repeat","background-position":"center center","background-size":"auto","background-attachment":"scroll","background-type":"","background-media":"","overlay-type":"","overlay-color":"","overlay-opacity":"","overlay-gradient":""},"mobile":{"background-color":"","background-image":"","background-repeat":"repeat","background-position":"center center","background-size":"auto","background-attachment":"scroll","background-type":"","background-media":"","overlay-type":"","overlay-color":"","overlay-opacity":"","overlay-gradient":""}},"ast-content-background-meta":{"desktop":{"background-color":"var(--ast-global-color-4)","background-image":"","background-repeat":"repeat","background-position":"center center","background-size":"auto","background-attachment":"scroll","background-type":"","background-media":"","overlay-type":"","overlay-color":"","overlay-opacity":"","overlay-gradient":""},"tablet":{"background-color":"var(--ast-global-color-4)","background-image":"","background-repeat":"repeat","background-position":"center center","background-size":"auto","background-attachment":"scroll","background-type":"","background-media":"","overlay-type":"","overlay-color":"","overlay-opacity":"","overlay-gradient":""},"mobile":{"background-color":"var(--ast-global-color-4)","background-image":"","background-repeat":"repeat","background-position":"center center","background-size":"auto","background-attachment":"scroll","background-type":"","background-media":"","overlay-type":"","overlay-color":"","overlay-opacity":"","overlay-gradient":""}},"footnotes":""},"class_list":["post-2","page","type-page","status-publish","hentry"],"_links":{"self":[{"href":"https:\/\/biblioteca.iestpmonfortianos.edu.pe\/index.php\/wp-json\/wp\/v2\/pages\/2","targetHints":{"allow":["GET"]}}],"collection":[{"href":"https:\/\/biblioteca.iestpmonfortianos.edu.pe\/index.php\/wp-json\/wp\/v2\/pages"}],"about":[{"href":"https:\/\/biblioteca.iestpmonfortianos.edu.pe\/index.php\/wp-json\/wp\/v2\/types\/page"}],"author":[{"embeddable":true,"href":"https:\/\/biblioteca.iestpmonfortianos.edu.pe\/index.php\/wp-json\/wp\/v2\/users\/1"}],"replies":[{"embeddable":true,"href":"https:\/\/biblioteca.iestpmonfortianos.edu.pe\/index.php\/wp-json\/wp\/v2\/comments?post=2"}],"version-history":[{"count":3,"href":"https:\/\/biblioteca.iestpmonfortianos.edu.pe\/index.php\/wp-json\/wp\/v2\/pages\/2\/revisions"}],"predecessor-version":[{"id":457,"href":"https:\/\/biblioteca.iestpmonfortianos.edu.pe\/index.php\/wp-json\/wp\/v2\/pages\/2\/revisions\/457"}],"wp:attachment":[{"href":"https:\/\/biblioteca.iestpmonfortianos.edu.pe\/index.php\/wp-json\/wp\/v2\/media?parent=2"}],"curies":[{"name":"wp","href":"https:\/\/api.w.org\/{rel}","templated":true}]}}